{"id":2626,"date":"2018-03-28T16:58:24","date_gmt":"2018-03-28T14:58:24","guid":{"rendered":"http:\/\/www.hebammenpraxis-ellwangen.de\/wp\/?page_id=2626"},"modified":"2026-01-23T14:41:01","modified_gmt":"2026-01-23T13:41:01","slug":"agb","status":"publish","type":"page","link":"https:\/\/www.hebammenpraxis-ellwangen.de\/wp\/agb\/","title":{"rendered":"AGB"},"content":{"rendered":"<section class=\"l-section wpb_row height_small\"><div class=\"l-section-h i-cf\"><div class=\"g-cols vc_row via_flex valign_top type_default stacking_default\"><div class=\"vc_col-sm-12 wpb_column vc_column_container\"><div class=\"vc_column-inner\"><div class=\"wpb_wrapper\"><div class=\"w-separator size_large\"><\/div><div class=\"wpb_text_column\"><div class=\"wpb_wrapper\"><h1>Allgemeine Gesch\u00e4ftsbedingungen<br \/>\nder Hebammenpraxis Ellwangen<\/h1>\n<\/div><\/div><div class=\"w-separator us_custom_0f8f44b7 size_custom with_line width_default thick_1 style_solid color_border align_center\" style=\"height:30px\"><div class=\"w-separator-h\"><\/div><\/div><div class=\"g-cols wpb_row us_custom_b03640aa via_flex valign_top type_default stacking_default\"><div class=\"vc_col-sm-8 wpb_column vc_column_container\"><div class=\"vc_column-inner\"><div class=\"wpb_wrapper\"><div class=\"wpb_text_column\"><div class=\"wpb_wrapper\"><p><strong>1. Allgemeines\/Geltungsbereich<\/strong><\/p>\n<p>Diese Allgemeinen Gesch\u00e4ftsbedingungen gelten f\u00fcr alle Vertr\u00e4ge \u00fcber Veranstaltungen (insbesondere Kurse, Seminare) der Hebammenpraxis Ellwangen, Inh. Katrin Bauer (nachfolgend Hebammenpraxis). Dies sind insbesondere die Geburtsvorbereitungs- und R\u00fcckbildungskurse, S\u00e4uglingspflege mit Dunstan Babysprache, PEKiP\u00ae, Babymassage, Beikosteinf\u00fchrung und Beratungen (Trageberatung, Stillberatung) sowie zus\u00e4tzlich alle weiteren Leistungen der Hebammenpraxis.<\/p>\n<p>Der Umfang der Leistungen der Hebammenpraxis (insbesondere Ort, Zeit, Dauer, Ziel der Veranstaltung) ergibt sich aus der Kursbeschreibung in der zum Zeitpunkt der Anmeldung auf der Internetseite der Hebammenpraxis (<a href=\"http:\/\/www.hebammenpraxis-ellwangen.de\/\" target=\"_blank\" rel=\"noopener noreferrer\">www.hebammenpraxis-ellwangen.de<\/a>) ver\u00f6ffentlichten Fassung. Soweit in den Allgemeinen Gesch\u00e4ftsbedingungen die weibliche Form verwendet wird, dient dies der sprachlichen Vereinfachung. Die Allgemeinen Gesch\u00e4ftsbedingungen gelten gleicherma\u00dfen f\u00fcr m\u00e4nnliche oder diverse Personen. Ma\u00dfgeblich ist jeweils die zum Vertragsschluss g\u00fcltige Fassung.<\/p>\n<p><strong>2. Anmeldung\/Vertragsschluss<\/strong><\/p>\n<p>Die Ank\u00fcndigung einer Veranstaltung durch die Hebammenpraxis insbesondere auf der Internetseite und auf sonstigen Werbetr\u00e4gern ist unverbindlich. Die Darstellung eines Angebots stellt eine unverbindliche Aufforderung dar, hierzu von Seiten der Anmeldenden ein Angebot abzugeben.<\/p>\n<p>Die Anmeldung durch die Teilnehmerin (bindendes Vertragsangebot) erfolgt online \u00fcber das Anmeldeformular der Hebammenpraxis auf der Internetseite\u00a0<a href=\"https:\/\/bauerkatrin.hebamio.de\/system-settings\/kursliste\">https:\/\/bauerkatrin.hebamio.de\/kursliste<\/a>. Nach Eingang der Anmeldung erfolgt per Email die Zusendung einer Anmeldebest\u00e4tigung (Annahmeerkl\u00e4rung) durch die Hebammenpraxis. Mit Zusendung der Anmeldebest\u00e4tigung kommt der Vertrag zustande und die Teilnehmerin ist f\u00fcr die Teilnahme verbindlich angemeldet.<br \/>\nDie Kommunikation zwischen der Hebammenpraxis und der Teilnehmerin erfolgt vorwiegend per Email. Der Teilnehmerin wird angeraten, die Emailadresse der Hebammenpraxis in ihrem Spam-Filter freizuschalten und das Spam-Postfach regelm\u00e4\u00dfig auf Posteingang der Hebammenpraxis hin zu kontrollieren.<br \/>\nDie Teilnehmerin verpflichtet sich, der Hebammenpraxis eine etwaige \u00c4nderung der bei der Anmeldung angegebenen Daten, insbesondere eine \u00c4nderung der Emailadresse, unverz\u00fcglich mitzuteilen.<\/p>\n<p>Eine Kursteilnahme ist nur f\u00fcr eine begrenzte Anzahl von Teilnehmerinnen m\u00f6glich. Die Anmeldungen werden in der Reihenfolge des Eingangs ber\u00fccksichtigt. Sobald die maximale Teilnehmerzahl erreicht ist, wird dies im Anmeldeprozess des Online-Buchungsprogramms angezeigt. Neue Anmeldungen sind ab diesem Zeitpunkt nur noch \u00fcber die Warteliste m\u00f6glich. Die Mindestzahl der Teilnehmerinnen wird in der Ank\u00fcndigung des Kurses angegeben.<\/p>\n<p><strong>3. R\u00fccktritt und K\u00fcndigung durch die Hebammenpraxis<\/strong><\/p>\n<p>F\u00fcr den Fall, dass die Mindestteilnehmerzahl zwei Wochen vor Beginn des Kurses nicht erreicht ist, kann die Hebammenpraxis vom Vertrag zur\u00fccktreten. Der R\u00fccktritt wird in diesem Fall gegen\u00fcber der Anmeldenden unverz\u00fcglich erkl\u00e4rt. Die Hebammenpraxis kann ferner vom Vertrag zur\u00fccktreten oder diesen k\u00fcndigen, wenn ein Kurs aus Gr\u00fcnden, die die Hebammenpraxis nicht zu vertreten hat (insbesondere Erkrankung der Kursleiterin) ganz oder teilweise nicht stattfinden kann. Die Hebammenpraxis wird die Teilnehmerin hier\u00fcber unverz\u00fcglich informieren. Die Hebammenpraxis kann den Vertrag bei Vorliegen wichtiger Gr\u00fcnde au\u00dferordentlich k\u00fcndigen. Ein wichtiger Grund liegt insbesondere vor bei gemeinschaftswidrigem Verhalten in Kursen trotz vorangehender Abmahnung und Androhung der K\u00fcndigung. Statt einer K\u00fcndigung kann die Hebammenpraxis die Teilnehmerin von einer einzelnen Kurseinheit ausschlie\u00dfen. Der Verg\u00fctungsanspruch der Hebammenpraxis bleibt bleibt im Falle einer solchen K\u00fcndigung oder eines Ausschlusses bestehen.<\/p>\n<p><strong>4. Absage \/ Verlegung \/ \u00c4nderung von Veranstaltungen<\/strong><\/p>\n<p>Die voraussichtlichen Kurstermine werden in der Ausschreibung bekanntgegeben.\u00a0Die Hebammenpraxis kann aus sachlichem Grund Ort und Zeitpunkt des Kurses \u00e4ndern.\u00a0Wenn aus einem organisatorischen oder sonstigen wichtigen, von der Hebammenpraxis nicht zu vertretenden Grund, insbesondere h\u00f6herer Gewalt, pl\u00f6tzlicher Nichtverf\u00fcgbarkeit oder Erkrankung der Kursleiterin ein Kurstermin nicht am vorgesehenen Termin stattfinden kann, wird der Kurstermin verlegt.\u00a0Im Fall der Absage des vollst\u00e4ndigen Kurses wird die bereits entrichtete Teilnehmergeb\u00fchr zur\u00fcckerstattet. Eine Unterrichtung \u00fcber eine erforderliche Absage einer Veranstaltung durch die Hebammenpraxis wird unverz\u00fcglich erfolgen.\u00a0Die Hebammenpraxis beh\u00e4lt sich vor, Kurse aus einem wichtigen Grund mit einer anderen Kursleitung als ausgeschrieben zu besetzen.<\/p>\n<p><strong>5. Preise, Zahlungsbedingungen<\/strong><\/p>\n<p>Es gelten die in der jeweiligen aktuellen Ausschreibung (insbesondere Homepage) genannten Preise. Die Preise beinhalten gegebenenfalls Teilnehmerunterlagen, nicht jedoch Speisen und Getr\u00e4nke.<br \/>\nDie Teilnehmerin erh\u00e4lt 1-2 Wochen vor Kursbeginn die Zahlungsinformation per Mail. Das Entgelt wird sp\u00e4testens mit dem Kursbeginn zur Zahlung f\u00e4llig.<br \/>\nTeilnehmerinnen haben im Falle der Vers\u00e4umnis von Kursstunden keinen Anspruch auf Erstattung des bereits entrichteten Teilnahmeentgelts (Ausnahme: Geburtsvorbereitung, R\u00fcckbildungsgymnastik gem Hebammenhilfevertrag \u00a71 Abs1 Ziffer2 der Anlage 1.1). Der Grund der Nichtteilnahme am Kurs ist dabei unerheblich.<br \/>\nIm Fall, dass ein Vertrag durch die Hebamme vorzeitig gek\u00fcndigt werden muss, wird das Entgelt nach dem Verh\u00e4ltnis der durchgef\u00fchrten Kursstunden (Teilleistung) zum Gesamtumfang berechnet. Das Entgelt f\u00fcr die durchgef\u00fchrten Kursstunden wird geschuldet. Dies gilt dann nicht, wenn die erbrachte Teilleistung f\u00fcr die Vertragspartnerin ohne Wert ist.<br \/>\nZu Abrechnungszwecken sind mit der Anmeldung zum Geburtsvorbereitungskurs und R\u00fcckbildungskurs bei der Anmeldung Angaben zur Krankenversicherung zu machen.<br \/>\nGesetzlich Krankenversicherte haben sp\u00e4testens am ersten Kurstag ihre g\u00fcltige Versichertenkarte vorzulegen.<br \/>\nDie Kursgeb\u00fchren f\u00fcr die Kurse zur Geburtsvorbereitung werden bei gesetzlich Versicherten direkt mit der Krankenkasse abgerechnet. Bei Versicherten einer privaten Krankenkasse erfolgt die Rechnung privat, nach der g\u00fcltigen Privatgeb\u00fchrenordnung f\u00fcr Hebammen.<br \/>\nDie Zahlung erfolgt durch \u00dcberweisung auf die in den Anmeldeunterlagen genannte Kontoverbindung.<br \/>\nAls Verwendungszweck sind die Bezeichnung des Kurses (Kursnummer) sowie der Name der Kursteilnehmerin anzugeben.<\/p>\n<p><strong>6. Haftung<\/strong><\/p>\n<p>Die Teilnahme an den angebotenen Kursen erfolgt grunds\u00e4tzlich auf eigene Gefahr. Die Hebammenpraxis haftet bei Verletzungen des K\u00f6rpers und der Gesundheit f\u00fcr Vorsatz und Fahrl\u00e4ssigkeit. F\u00fcr sonstige Sch\u00e4den haftet die Hebammenpraxis nur f\u00fcr Vorsatz und grobe Fahrl\u00e4ssigkeit.<\/p>\n<p><strong>7. Datenschutz\/Widerrufsbelehrung<\/strong><\/p>\n<p>Der Datenschutzerkerkl\u00e4rung wurde bei Anmeldung \u00fcber\u00a0<a href=\"http:\/\/www.bauerkatrin.hebamio.de\/\">www.bauerkatrin.hebamio.de<\/a>\u00a0bereits zugestimmt und der Erhalt der Widerrufsbelehrung best\u00e4tigt.<\/p>\n<p>Es gilt das Recht der Bundesrepublik Deutschland.<\/p>\n<p><strong>8. Salvatorische Klausel<\/strong><\/p>\n<p>Sollten eine oder mehrere Bestimmungen dieser Allgemeinen Gesch\u00e4ftsbedingungen unwirksam sein oder werden oder dieser Text eine Regelungsl\u00fccke enthalten, so werden die Vertragsparteien die unwirksame oder unvollst\u00e4ndige Bestimmung durch angemessene Regelungen ersetzen oder erg\u00e4nzen, welche dem Zweck der gewollten Regelung am ehesten entsprechen. Die G\u00fcltigkeit der \u00fcbrigen Bestimmungen bleibt unber\u00fchrt.<\/p>\n<p>(Fassung 04.11.2025)<\/p>\n<\/div><\/div><div class=\"w-separator us_custom_2ae65f69 size_custom with_line width_default thick_1 style_solid color_border align_center\" style=\"height:30px\"><div class=\"w-separator-h\"><\/div><\/div><\/div><\/div><\/div><div class=\"vc_col-sm-4 wpb_column vc_column_container\"><div class=\"vc_column-inner\"><div class=\"wpb_wrapper\"><div class=\"wpb_text_column us_custom_8d5aa4e2\"><div class=\"wpb_wrapper\"><p>Die Hebammenpraxis Ellwangen steht mit ihren Kursleitern in keinem Angstelltenverh\u00e4ltnis. Das hei\u00dft, dass die Hebammenpraxis in vielen F\u00e4llen nur als Vermittler von Kursen auftritt und somit die AGB des einzelnen Kursleiter gelten.<\/p>\n<\/div><\/div><div class=\"w-btn-wrapper align_justify\"><a class=\"w-btn us-btn-style_3\" title=\"\u00dcber uns\" href=\"https:\/\/bauerkatrin.hebamio.de\/agb\"><span class=\"w-btn-label\">Katrin Bauer<\/span><\/a><\/div><div class=\"w-btn-wrapper align_justify\"><a class=\"w-btn us-btn-style_3\" title=\"\u00dcber uns\" href=\"https:\/\/www.hebammenpraxis-ellwangen.de\/wp\/agb-maria-seuferling\/\"><span class=\"w-btn-label\">Maria Seuferling<\/span><\/a><\/div><div class=\"w-btn-wrapper align_justify\"><a class=\"w-btn us-btn-style_3\" target=\"_blank\" title=\"\u00dcber uns\" href=\"https:\/\/www.hebammenpraxis-ellwangen.de\/wp\/wp-content\/uploads\/AGB_Silvana_Goldammer_PEKiP.pdf\"><span class=\"w-btn-label\">Silvana Goldammer<\/span><\/a><\/div><\/div><\/div><\/div><\/div><\/div><\/div><\/div><\/div><\/div><\/section>\n","protected":false},"excerpt":{"rendered":"Allgemeine Gesch\u00e4ftsbedingungen der Hebammenpraxis Ellwangen 1. Allgemeines\/Geltungsbereich Diese Allgemeinen Gesch\u00e4ftsbedingungen gelten f\u00fcr alle Vertr\u00e4ge \u00fcber Veranstaltungen (insbesondere Kurse, Seminare) der Hebammenpraxis Ellwangen, Inh. Katrin Bauer (nachfolgend Hebammenpraxis). Dies sind insbesondere die Geburtsvorbereitungs- und R\u00fcckbildungskurse, S\u00e4uglingspflege mit Dunstan Babysprache, PEKiP\u00ae, Babymassage, Beikosteinf\u00fchrung und Beratungen (Trageberatung, Stillberatung) sowie zus\u00e4tzlich alle weiteren Leistungen der Hebammenpraxis. Der Umfang der...","protected":false},"author":2,"featured_media":0,"parent":0,"menu_order":0,"comment_status":"closed","ping_status":"closed","template":"","meta":{"footnotes":""},"class_list":["post-2626","page","type-page","status-publish","hentry"],"yoast_head":"<!-- This site is optimized with the Yoast SEO plugin v20.2.1 - https:\/\/yoast.com\/wordpress\/plugins\/seo\/ -->\n<title>AGB - Hebammenpraxis<\/title>\n<meta name=\"description\" content=\"Hier finden Sie die Allgemeinen Gesch\u00e4ftsbedingungen der Hebammenpraxis Ellwangen. Jetzt mehr erfahren.\" \/>\n<meta name=\"robots\" content=\"index, follow, max-snippet:-1, max-image-preview:large, max-video-preview:-1\" \/>\n<link rel=\"canonical\" href=\"https:\/\/www.hebammenpraxis-ellwangen.de\/wp\/agb\/\" \/>\n<meta property=\"og:locale\" content=\"de_DE\" \/>\n<meta property=\"og:type\" content=\"article\" \/>\n<meta property=\"og:title\" content=\"AGB - Hebammenpraxis\" \/>\n<meta property=\"og:description\" content=\"Hier finden Sie die Allgemeinen Gesch\u00e4ftsbedingungen der Hebammenpraxis Ellwangen. Jetzt mehr erfahren.\" \/>\n<meta property=\"og:url\" content=\"https:\/\/www.hebammenpraxis-ellwangen.de\/wp\/agb\/\" \/>\n<meta property=\"og:site_name\" content=\"Hebammenpraxis\" \/>\n<meta property=\"article:modified_time\" content=\"2026-01-23T13:41:01+00:00\" \/>\n<meta name=\"twitter:card\" content=\"summary_large_image\" \/>\n<meta name=\"twitter:label1\" content=\"Gesch\u00e4tzte Lesezeit\" \/>\n\t<meta name=\"twitter:data1\" content=\"6\u00a0Minuten\" \/>\n<script type=\"application\/ld+json\" class=\"yoast-schema-graph\">{\"@context\":\"https:\/\/schema.org\",\"@graph\":[{\"@type\":\"WebPage\",\"@id\":\"https:\/\/www.hebammenpraxis-ellwangen.de\/wp\/agb\/\",\"url\":\"https:\/\/www.hebammenpraxis-ellwangen.de\/wp\/agb\/\",\"name\":\"AGB - Hebammenpraxis\",\"isPartOf\":{\"@id\":\"https:\/\/www.hebammenpraxis-ellwangen.de\/wp\/#website\"},\"datePublished\":\"2018-03-28T14:58:24+00:00\",\"dateModified\":\"2026-01-23T13:41:01+00:00\",\"description\":\"Hier finden Sie die Allgemeinen Gesch\u00e4ftsbedingungen der Hebammenpraxis Ellwangen. Jetzt mehr erfahren.\",\"breadcrumb\":{\"@id\":\"https:\/\/www.hebammenpraxis-ellwangen.de\/wp\/agb\/#breadcrumb\"},\"inLanguage\":\"de\",\"potentialAction\":[{\"@type\":\"ReadAction\",\"target\":[\"https:\/\/www.hebammenpraxis-ellwangen.de\/wp\/agb\/\"]}]},{\"@type\":\"BreadcrumbList\",\"@id\":\"https:\/\/www.hebammenpraxis-ellwangen.de\/wp\/agb\/#breadcrumb\",\"itemListElement\":[{\"@type\":\"ListItem\",\"position\":1,\"name\":\"Home\",\"item\":\"https:\/\/www.hebammenpraxis-ellwangen.de\/wp\/\"},{\"@type\":\"ListItem\",\"position\":2,\"name\":\"AGB\"}]},{\"@type\":\"WebSite\",\"@id\":\"https:\/\/www.hebammenpraxis-ellwangen.de\/wp\/#website\",\"url\":\"https:\/\/www.hebammenpraxis-ellwangen.de\/wp\/\",\"name\":\"Hebammenpraxis\",\"description\":\"Ellwangen\",\"publisher\":{\"@id\":\"https:\/\/www.hebammenpraxis-ellwangen.de\/wp\/#organization\"},\"potentialAction\":[{\"@type\":\"SearchAction\",\"target\":{\"@type\":\"EntryPoint\",\"urlTemplate\":\"https:\/\/www.hebammenpraxis-ellwangen.de\/wp\/?s={search_term_string}\"},\"query-input\":\"required name=search_term_string\"}],\"inLanguage\":\"de\"},{\"@type\":\"Organization\",\"@id\":\"https:\/\/www.hebammenpraxis-ellwangen.de\/wp\/#organization\",\"name\":\"Hebammenpraxis Ellwangen\",\"url\":\"https:\/\/www.hebammenpraxis-ellwangen.de\/wp\/\",\"logo\":{\"@type\":\"ImageObject\",\"inLanguage\":\"de\",\"@id\":\"https:\/\/www.hebammenpraxis-ellwangen.de\/wp\/#\/schema\/logo\/image\/\",\"url\":\"https:\/\/www.hebammenpraxis-ellwangen.de\/wp\/wp-content\/uploads\/Logo_He.png\",\"contentUrl\":\"https:\/\/www.hebammenpraxis-ellwangen.de\/wp\/wp-content\/uploads\/Logo_He.png\",\"width\":407,\"height\":408,\"caption\":\"Hebammenpraxis Ellwangen\"},\"image\":{\"@id\":\"https:\/\/www.hebammenpraxis-ellwangen.de\/wp\/#\/schema\/logo\/image\/\"}}]}<\/script>\n<!-- \/ Yoast SEO plugin. -->","yoast_head_json":{"title":"AGB - Hebammenpraxis","description":"Hier finden Sie die Allgemeinen Gesch\u00e4ftsbedingungen der Hebammenpraxis Ellwangen. Jetzt mehr erfahren.","robots":{"index":"index","follow":"follow","max-snippet":"max-snippet:-1","max-image-preview":"max-image-preview:large","max-video-preview":"max-video-preview:-1"},"canonical":"https:\/\/www.hebammenpraxis-ellwangen.de\/wp\/agb\/","og_locale":"de_DE","og_type":"article","og_title":"AGB - Hebammenpraxis","og_description":"Hier finden Sie die Allgemeinen Gesch\u00e4ftsbedingungen der Hebammenpraxis Ellwangen. Jetzt mehr erfahren.","og_url":"https:\/\/www.hebammenpraxis-ellwangen.de\/wp\/agb\/","og_site_name":"Hebammenpraxis","article_modified_time":"2026-01-23T13:41:01+00:00","twitter_card":"summary_large_image","twitter_misc":{"Gesch\u00e4tzte Lesezeit":"6\u00a0Minuten"},"schema":{"@context":"https:\/\/schema.org","@graph":[{"@type":"WebPage","@id":"https:\/\/www.hebammenpraxis-ellwangen.de\/wp\/agb\/","url":"https:\/\/www.hebammenpraxis-ellwangen.de\/wp\/agb\/","name":"AGB - Hebammenpraxis","isPartOf":{"@id":"https:\/\/www.hebammenpraxis-ellwangen.de\/wp\/#website"},"datePublished":"2018-03-28T14:58:24+00:00","dateModified":"2026-01-23T13:41:01+00:00","description":"Hier finden Sie die Allgemeinen Gesch\u00e4ftsbedingungen der Hebammenpraxis Ellwangen. Jetzt mehr erfahren.","breadcrumb":{"@id":"https:\/\/www.hebammenpraxis-ellwangen.de\/wp\/agb\/#breadcrumb"},"inLanguage":"de","potentialAction":[{"@type":"ReadAction","target":["https:\/\/www.hebammenpraxis-ellwangen.de\/wp\/agb\/"]}]},{"@type":"BreadcrumbList","@id":"https:\/\/www.hebammenpraxis-ellwangen.de\/wp\/agb\/#breadcrumb","itemListElement":[{"@type":"ListItem","position":1,"name":"Home","item":"https:\/\/www.hebammenpraxis-ellwangen.de\/wp\/"},{"@type":"ListItem","position":2,"name":"AGB"}]},{"@type":"WebSite","@id":"https:\/\/www.hebammenpraxis-ellwangen.de\/wp\/#website","url":"https:\/\/www.hebammenpraxis-ellwangen.de\/wp\/","name":"Hebammenpraxis","description":"Ellwangen","publisher":{"@id":"https:\/\/www.hebammenpraxis-ellwangen.de\/wp\/#organization"},"potentialAction":[{"@type":"SearchAction","target":{"@type":"EntryPoint","urlTemplate":"https:\/\/www.hebammenpraxis-ellwangen.de\/wp\/?s={search_term_string}"},"query-input":"required name=search_term_string"}],"inLanguage":"de"},{"@type":"Organization","@id":"https:\/\/www.hebammenpraxis-ellwangen.de\/wp\/#organization","name":"Hebammenpraxis Ellwangen","url":"https:\/\/www.hebammenpraxis-ellwangen.de\/wp\/","logo":{"@type":"ImageObject","inLanguage":"de","@id":"https:\/\/www.hebammenpraxis-ellwangen.de\/wp\/#\/schema\/logo\/image\/","url":"https:\/\/www.hebammenpraxis-ellwangen.de\/wp\/wp-content\/uploads\/Logo_He.png","contentUrl":"https:\/\/www.hebammenpraxis-ellwangen.de\/wp\/wp-content\/uploads\/Logo_He.png","width":407,"height":408,"caption":"Hebammenpraxis Ellwangen"},"image":{"@id":"https:\/\/www.hebammenpraxis-ellwangen.de\/wp\/#\/schema\/logo\/image\/"}}]}},"_links":{"self":[{"href":"https:\/\/www.hebammenpraxis-ellwangen.de\/wp\/wp-json\/wp\/v2\/pages\/2626","targetHints":{"allow":["GET"]}}],"collection":[{"href":"https:\/\/www.hebammenpraxis-ellwangen.de\/wp\/wp-json\/wp\/v2\/pages"}],"about":[{"href":"https:\/\/www.hebammenpraxis-ellwangen.de\/wp\/wp-json\/wp\/v2\/types\/page"}],"author":[{"embeddable":true,"href":"https:\/\/www.hebammenpraxis-ellwangen.de\/wp\/wp-json\/wp\/v2\/users\/2"}],"replies":[{"embeddable":true,"href":"https:\/\/www.hebammenpraxis-ellwangen.de\/wp\/wp-json\/wp\/v2\/comments?post=2626"}],"version-history":[{"count":14,"href":"https:\/\/www.hebammenpraxis-ellwangen.de\/wp\/wp-json\/wp\/v2\/pages\/2626\/revisions"}],"predecessor-version":[{"id":3746,"href":"https:\/\/www.hebammenpraxis-ellwangen.de\/wp\/wp-json\/wp\/v2\/pages\/2626\/revisions\/3746"}],"wp:attachment":[{"href":"https:\/\/www.hebammenpraxis-ellwangen.de\/wp\/wp-json\/wp\/v2\/media?parent=2626"}],"curies":[{"name":"wp","href":"https:\/\/api.w.org\/{rel}","templated":true}]}}