{"id":2012,"date":"2016-08-29T21:34:19","date_gmt":"2016-08-29T19:34:19","guid":{"rendered":"http:\/\/www.hebammenpraxis-ellwangen.de\/wp\/?page_id=2012"},"modified":"2020-10-10T15:43:20","modified_gmt":"2020-10-10T13:43:20","slug":"widerrufsbelehrung","status":"publish","type":"page","link":"https:\/\/www.hebammenpraxis-ellwangen.de\/wp\/widerrufsbelehrung\/","title":{"rendered":"Widerrufsbelehrung"},"content":{"rendered":"<section class=\"l-section wpb_row height_small\"><div class=\"l-section-h i-cf\"><div class=\"g-cols vc_row via_flex valign_top type_default stacking_default\"><div class=\"vc_col-sm-12 wpb_column vc_column_container\"><div class=\"vc_column-inner\"><div class=\"wpb_wrapper\"><div class=\"w-separator size_large\"><\/div><div class=\"wpb_text_column\"><div class=\"wpb_wrapper\"><h1>Widerrufsbelehrung<\/h1>\n<\/div><\/div><div class=\"w-separator us_custom_0f8f44b7 size_custom with_line width_default thick_1 style_solid color_border align_center\" style=\"height:30px\"><div class=\"w-separator-h\"><\/div><\/div><div class=\"g-cols wpb_row us_custom_b03640aa via_flex valign_top type_default stacking_default\"><div class=\"vc_col-sm-8 wpb_column vc_column_container\"><div class=\"vc_column-inner\"><div class=\"wpb_wrapper\"><div class=\"wpb_text_column\"><div class=\"wpb_wrapper\"><p>WIDERRUFSRECHT \/ WIDERRUFSBELEHRUNG F\u00dcR VERBRAUCHER<\/p>\n<p>Verbrauchern steht ein Widerrufsrecht nach folgender Ma\u00dfgabe zu. Verbraucher ist jede nat\u00fcrliche Person, die ein Rechtsgesch\u00e4ft zu Zwecken abschlie\u00dft, die \u00fcberwiegend weder ihrer gewerblichen noch ihrer selbst\u00e4ndigen beruflichen T\u00e4tigkeit zugerechnet werden kann.<br \/>\nDie Hebammenpraxis weist die Teilnehmerin auf folgendes hin:<br \/>\nSie haben das Recht, binnen vierzehn Tagen ohne Angabe von Gr\u00fcnden diesen Vertrag zu widerrufen. Die Widerrufsfrist betr\u00e4gt vierzehn Tage ab dem Tag des Vertragsschlusses.<br \/>\nDas Widerrufsrecht ist durch Abgabe einer eindeutigen Erkl\u00e4rung (z.B. per Email oder ein mit der Post versandter Brief) gegen\u00fcber der Hebammenpraxis \u00fcber den Entschluss, diesen Vertrag zu widerrufen, auszu\u00fcben. Zur Wahrung der Widerrufsfrist reicht es aus, dass Sie die Mitteilung \u00fcber die Aus\u00fcbung des Widerrufsrechts vor Ablauf der Widerrufsfrist absenden.<br \/>\nSie k\u00f6nnen daf\u00fcr das beigef\u00fcgte Muster-Widerrufsformular verwenden, das jedoch nicht vorgeschrieben ist.<\/p>\n<\/div><\/div><div class=\"w-separator size_small with_line width_default thick_1 style_solid color_border align_center\"><div class=\"w-separator-h\"><\/div><\/div><div class=\"wpb_text_column\"><div class=\"wpb_wrapper\"><p>MUSTER-WIDERRUFSFORMULAR<\/p>\n<p>Wenn Sie den Vertrag widerrufen m\u00f6chten, dann f\u00fcllen Sie bitte dieses Formular aus und senden Sie es zur\u00fcck.<\/p>\n<\/div><\/div><div class=\"w-btn-wrapper align_none\"><a class=\"w-btn us-btn-style_5\" title=\"Formular\" href=\"https:\/\/www.hebammenpraxis-ellwangen.de\/wp\/wp-content\/uploads\/Muster-Widerrufsformular.pdf\"><span class=\"w-btn-label\">Download Formular<\/span><\/a><\/div><div class=\"w-separator size_small with_line width_default thick_1 style_solid color_border align_center\"><div class=\"w-separator-h\"><\/div><\/div><div class=\"wpb_text_column\"><div class=\"wpb_wrapper\"><p>FOLGEN DES WIDERRUFS<\/p>\n<p>Die Hebammenpraxis hat alle Zahlungen, die sie von der Teilnehmerin erhalten hat, unverz\u00fcglich, sp\u00e4testens aber binnen 14 Tagen ab dem Tag zur\u00fcckzuzahlen, an dem die Mitteilung \u00fcber den Widerruf bei der Hebammenpraxis eingegangen ist.<br \/>\nHat die Teilnehmerin verlangt, dass die Dienstleistung bereits w\u00e4hrend der Widerrufsfrist beginnen soll, so hat diese an die Hebammenpraxis einen angemessenen Betrag zu zahlen, der dem Anteil der bis zu dem Zeitpunkt in Anspruch genommenen Dienstleistung entspricht.<br \/>\nBei Verhinderung einer Teilnehmerin vor Beginn der Veranstaltung kann f\u00fcr die vollst\u00e4ndige Veranstaltung eine Ersatzperson benannt werden. Eine \u00c4nderung in der Person der Teilnehmerin bedarf der Zustimmung der Hebammenpraxis. Diese darf die Zustimmung nicht ohne sachlichen Grund verweigern.<br \/>\nDie Ersatzteilnehmerin hat selbst unter Angabe der Daten eine eigene Anmeldung f\u00fcr den Kurs durchzuf\u00fchren (Ziff. 2 der AGB), andernfalls erfolgt kein Schuldnerwechsel.<br \/>\nSofern eine durch die Teilnehmerin vor Beginn des Kurses benannte Ersatzperson an dem Kurs teilnimmt, findet keine Geb\u00fchrenerhebung statt. Dasselbe gilt, wenn die Hebammenpraxis vor Beginn des Kurses eine Ersatzperson aus der Warteliste ber\u00fccksichtigen kann.<br \/>\nDie Kursstunden bauen jeweils aufeinander auf. Aus diesem Grund ist es nicht m\u00f6glich, eine Teilnehmerin w\u00e4hrend eines laufenden Kurses durch eine andere Teilnehmerin zu ersetzen.<\/p>\n<\/div><\/div><div class=\"w-separator us_custom_2ae65f69 size_custom with_line width_default thick_1 style_solid color_border align_center\" style=\"height:30px\"><div class=\"w-separator-h\"><\/div><\/div><\/div><\/div><\/div><div class=\"vc_col-sm-4 wpb_column vc_column_container\"><div class=\"vc_column-inner\"><div class=\"wpb_wrapper\"><\/div><\/div><\/div><\/div><\/div><\/div><\/div><\/div><\/div><\/section>\n","protected":false},"excerpt":{"rendered":"Widerrufsbelehrung WIDERRUFSRECHT \/ WIDERRUFSBELEHRUNG F\u00dcR VERBRAUCHER Verbrauchern steht ein Widerrufsrecht nach folgender Ma\u00dfgabe zu. Verbraucher ist jede nat\u00fcrliche Person, die ein Rechtsgesch\u00e4ft zu Zwecken abschlie\u00dft, die \u00fcberwiegend weder ihrer gewerblichen noch ihrer selbst\u00e4ndigen beruflichen T\u00e4tigkeit zugerechnet werden kann. Die Hebammenpraxis weist die Teilnehmerin auf folgendes hin: Sie haben das Recht, binnen vierzehn Tagen ohne Angabe...","protected":false},"author":2,"featured_media":0,"parent":0,"menu_order":0,"comment_status":"closed","ping_status":"closed","template":"","meta":{"footnotes":""},"class_list":["post-2012","page","type-page","status-publish","hentry"],"yoast_head":"<!-- This site is optimized with the Yoast SEO plugin v20.2.1 - https:\/\/yoast.com\/wordpress\/plugins\/seo\/ -->\n<title>Widerrufsbelehrung - Hebammenpraxis<\/title>\n<meta name=\"robots\" content=\"index, follow, max-snippet:-1, max-image-preview:large, max-video-preview:-1\" \/>\n<link rel=\"canonical\" href=\"https:\/\/www.hebammenpraxis-ellwangen.de\/wp\/widerrufsbelehrung\/\" \/>\n<meta property=\"og:locale\" content=\"de_DE\" \/>\n<meta property=\"og:type\" content=\"article\" \/>\n<meta property=\"og:title\" content=\"Widerrufsbelehrung - Hebammenpraxis\" \/>\n<meta property=\"og:url\" content=\"https:\/\/www.hebammenpraxis-ellwangen.de\/wp\/widerrufsbelehrung\/\" \/>\n<meta property=\"og:site_name\" content=\"Hebammenpraxis\" \/>\n<meta property=\"article:modified_time\" content=\"2020-10-10T13:43:20+00:00\" \/>\n<meta name=\"twitter:card\" content=\"summary_large_image\" \/>\n<meta name=\"twitter:label1\" content=\"Gesch\u00e4tzte Lesezeit\" \/>\n\t<meta name=\"twitter:data1\" content=\"3\u00a0Minuten\" \/>\n<script type=\"application\/ld+json\" class=\"yoast-schema-graph\">{\"@context\":\"https:\/\/schema.org\",\"@graph\":[{\"@type\":\"WebPage\",\"@id\":\"https:\/\/www.hebammenpraxis-ellwangen.de\/wp\/widerrufsbelehrung\/\",\"url\":\"https:\/\/www.hebammenpraxis-ellwangen.de\/wp\/widerrufsbelehrung\/\",\"name\":\"Widerrufsbelehrung - Hebammenpraxis\",\"isPartOf\":{\"@id\":\"https:\/\/www.hebammenpraxis-ellwangen.de\/wp\/#website\"},\"datePublished\":\"2016-08-29T19:34:19+00:00\",\"dateModified\":\"2020-10-10T13:43:20+00:00\",\"breadcrumb\":{\"@id\":\"https:\/\/www.hebammenpraxis-ellwangen.de\/wp\/widerrufsbelehrung\/#breadcrumb\"},\"inLanguage\":\"de\",\"potentialAction\":[{\"@type\":\"ReadAction\",\"target\":[\"https:\/\/www.hebammenpraxis-ellwangen.de\/wp\/widerrufsbelehrung\/\"]}]},{\"@type\":\"BreadcrumbList\",\"@id\":\"https:\/\/www.hebammenpraxis-ellwangen.de\/wp\/widerrufsbelehrung\/#breadcrumb\",\"itemListElement\":[{\"@type\":\"ListItem\",\"position\":1,\"name\":\"Home\",\"item\":\"https:\/\/www.hebammenpraxis-ellwangen.de\/wp\/\"},{\"@type\":\"ListItem\",\"position\":2,\"name\":\"Widerrufsbelehrung\"}]},{\"@type\":\"WebSite\",\"@id\":\"https:\/\/www.hebammenpraxis-ellwangen.de\/wp\/#website\",\"url\":\"https:\/\/www.hebammenpraxis-ellwangen.de\/wp\/\",\"name\":\"Hebammenpraxis\",\"description\":\"Ellwangen\",\"publisher\":{\"@id\":\"https:\/\/www.hebammenpraxis-ellwangen.de\/wp\/#organization\"},\"potentialAction\":[{\"@type\":\"SearchAction\",\"target\":{\"@type\":\"EntryPoint\",\"urlTemplate\":\"https:\/\/www.hebammenpraxis-ellwangen.de\/wp\/?s={search_term_string}\"},\"query-input\":\"required name=search_term_string\"}],\"inLanguage\":\"de\"},{\"@type\":\"Organization\",\"@id\":\"https:\/\/www.hebammenpraxis-ellwangen.de\/wp\/#organization\",\"name\":\"Hebammenpraxis Ellwangen\",\"url\":\"https:\/\/www.hebammenpraxis-ellwangen.de\/wp\/\",\"logo\":{\"@type\":\"ImageObject\",\"inLanguage\":\"de\",\"@id\":\"https:\/\/www.hebammenpraxis-ellwangen.de\/wp\/#\/schema\/logo\/image\/\",\"url\":\"https:\/\/www.hebammenpraxis-ellwangen.de\/wp\/wp-content\/uploads\/Logo_He.png\",\"contentUrl\":\"https:\/\/www.hebammenpraxis-ellwangen.de\/wp\/wp-content\/uploads\/Logo_He.png\",\"width\":407,\"height\":408,\"caption\":\"Hebammenpraxis Ellwangen\"},\"image\":{\"@id\":\"https:\/\/www.hebammenpraxis-ellwangen.de\/wp\/#\/schema\/logo\/image\/\"}}]}<\/script>\n<!-- \/ Yoast SEO plugin. -->","yoast_head_json":{"title":"Widerrufsbelehrung - Hebammenpraxis","robots":{"index":"index","follow":"follow","max-snippet":"max-snippet:-1","max-image-preview":"max-image-preview:large","max-video-preview":"max-video-preview:-1"},"canonical":"https:\/\/www.hebammenpraxis-ellwangen.de\/wp\/widerrufsbelehrung\/","og_locale":"de_DE","og_type":"article","og_title":"Widerrufsbelehrung - Hebammenpraxis","og_url":"https:\/\/www.hebammenpraxis-ellwangen.de\/wp\/widerrufsbelehrung\/","og_site_name":"Hebammenpraxis","article_modified_time":"2020-10-10T13:43:20+00:00","twitter_card":"summary_large_image","twitter_misc":{"Gesch\u00e4tzte Lesezeit":"3\u00a0Minuten"},"schema":{"@context":"https:\/\/schema.org","@graph":[{"@type":"WebPage","@id":"https:\/\/www.hebammenpraxis-ellwangen.de\/wp\/widerrufsbelehrung\/","url":"https:\/\/www.hebammenpraxis-ellwangen.de\/wp\/widerrufsbelehrung\/","name":"Widerrufsbelehrung - Hebammenpraxis","isPartOf":{"@id":"https:\/\/www.hebammenpraxis-ellwangen.de\/wp\/#website"},"datePublished":"2016-08-29T19:34:19+00:00","dateModified":"2020-10-10T13:43:20+00:00","breadcrumb":{"@id":"https:\/\/www.hebammenpraxis-ellwangen.de\/wp\/widerrufsbelehrung\/#breadcrumb"},"inLanguage":"de","potentialAction":[{"@type":"ReadAction","target":["https:\/\/www.hebammenpraxis-ellwangen.de\/wp\/widerrufsbelehrung\/"]}]},{"@type":"BreadcrumbList","@id":"https:\/\/www.hebammenpraxis-ellwangen.de\/wp\/widerrufsbelehrung\/#breadcrumb","itemListElement":[{"@type":"ListItem","position":1,"name":"Home","item":"https:\/\/www.hebammenpraxis-ellwangen.de\/wp\/"},{"@type":"ListItem","position":2,"name":"Widerrufsbelehrung"}]},{"@type":"WebSite","@id":"https:\/\/www.hebammenpraxis-ellwangen.de\/wp\/#website","url":"https:\/\/www.hebammenpraxis-ellwangen.de\/wp\/","name":"Hebammenpraxis","description":"Ellwangen","publisher":{"@id":"https:\/\/www.hebammenpraxis-ellwangen.de\/wp\/#organization"},"potentialAction":[{"@type":"SearchAction","target":{"@type":"EntryPoint","urlTemplate":"https:\/\/www.hebammenpraxis-ellwangen.de\/wp\/?s={search_term_string}"},"query-input":"required name=search_term_string"}],"inLanguage":"de"},{"@type":"Organization","@id":"https:\/\/www.hebammenpraxis-ellwangen.de\/wp\/#organization","name":"Hebammenpraxis Ellwangen","url":"https:\/\/www.hebammenpraxis-ellwangen.de\/wp\/","logo":{"@type":"ImageObject","inLanguage":"de","@id":"https:\/\/www.hebammenpraxis-ellwangen.de\/wp\/#\/schema\/logo\/image\/","url":"https:\/\/www.hebammenpraxis-ellwangen.de\/wp\/wp-content\/uploads\/Logo_He.png","contentUrl":"https:\/\/www.hebammenpraxis-ellwangen.de\/wp\/wp-content\/uploads\/Logo_He.png","width":407,"height":408,"caption":"Hebammenpraxis Ellwangen"},"image":{"@id":"https:\/\/www.hebammenpraxis-ellwangen.de\/wp\/#\/schema\/logo\/image\/"}}]}},"_links":{"self":[{"href":"https:\/\/www.hebammenpraxis-ellwangen.de\/wp\/wp-json\/wp\/v2\/pages\/2012","targetHints":{"allow":["GET"]}}],"collection":[{"href":"https:\/\/www.hebammenpraxis-ellwangen.de\/wp\/wp-json\/wp\/v2\/pages"}],"about":[{"href":"https:\/\/www.hebammenpraxis-ellwangen.de\/wp\/wp-json\/wp\/v2\/types\/page"}],"author":[{"embeddable":true,"href":"https:\/\/www.hebammenpraxis-ellwangen.de\/wp\/wp-json\/wp\/v2\/users\/2"}],"replies":[{"embeddable":true,"href":"https:\/\/www.hebammenpraxis-ellwangen.de\/wp\/wp-json\/wp\/v2\/comments?post=2012"}],"version-history":[{"count":18,"href":"https:\/\/www.hebammenpraxis-ellwangen.de\/wp\/wp-json\/wp\/v2\/pages\/2012\/revisions"}],"predecessor-version":[{"id":3052,"href":"https:\/\/www.hebammenpraxis-ellwangen.de\/wp\/wp-json\/wp\/v2\/pages\/2012\/revisions\/3052"}],"wp:attachment":[{"href":"https:\/\/www.hebammenpraxis-ellwangen.de\/wp\/wp-json\/wp\/v2\/media?parent=2012"}],"curies":[{"name":"wp","href":"https:\/\/api.w.org\/{rel}","templated":true}]}}